{"id":871,"date":"2025-10-16T14:55:18","date_gmt":"2025-10-16T14:55:18","guid":{"rendered":"https:\/\/www.niwasushi.pt\/?page_id=871"},"modified":"2025-10-30T15:35:42","modified_gmt":"2025-10-30T15:35:42","slug":"termos-de-servico","status":"publish","type":"page","link":"https:\/\/www.niwasushi.pt\/en\/termos-de-servico\/","title":{"rendered":"Termos de Servi\u00e7o"},"content":{"rendered":"<div data-elementor-type=\"wp-page\" data-elementor-id=\"871\" class=\"elementor elementor-871\" data-elementor-post-type=\"page\">\n\t\t\t\t<div class=\"elementor-element elementor-element-dcc8c9d e-flex e-con-boxed e-con e-parent\" data-id=\"dcc8c9d\" data-element_type=\"container\" data-settings=\"{&quot;background_background&quot;:&quot;classic&quot;}\">\n\t\t\t\t\t<div class=\"e-con-inner\">\n\t\t\t\t<div class=\"elementor-element elementor-element-580b846 elementor-widget elementor-widget-heading\" data-id=\"580b846\" data-element_type=\"widget\" data-widget_type=\"heading.default\">\n\t\t\t\t\t<h1 class=\"elementor-heading-title elementor-size-default\">1. Terms of Service<\/h1>\t\t\t\t<\/div>\n\t\t\t\t<div class=\"elementor-element elementor-element-2d74452 elementor-widget elementor-widget-text-editor\" data-id=\"2d74452\" data-element_type=\"widget\" data-widget_type=\"text-editor.default\">\n\t\t\t\t\t\t\t\t\t<p>By accessing the Niwa Sushi website, you agree to comply with these terms of service, all applicable laws and regulations, and agree that you are responsible for compliance with all applicable local laws. If you do not agree with any of these terms, you are prohibited from using or accessing this site. The materials contained on this website are protected by applicable copyright and trademark laws.<\/p><ul><li style=\"font-weight: 400;\" aria-level=\"1\"><span style=\"font-weight: 400;\">Legal name: Temperos Quotidianos, Lda<\/span><\/li><li style=\"font-weight: 400;\" aria-level=\"1\"><span style=\"font-weight: 400;\">Commercial name: Niwa Sushi<\/span><\/li><li style=\"font-weight: 400;\" aria-level=\"1\"><span style=\"font-weight: 400;\">Address: Rua Helena Vieira da Silva, 98 \u2013 4450-590 Le\u00e7a da Palmeira<\/span><\/li><li style=\"font-weight: 400;\" aria-level=\"1\"><span style=\"font-weight: 400;\">Tax ID: 514781254<\/span><\/li><li aria-level=\"1\">+351 <span style=\"font-weight: 400;\">913 934 002<\/span><\/li><li aria-level=\"1\"><span style=\"font-weight: 400;\">niwasushileca@gmail.com<\/span><span style=\"font-weight: 400;\"><br \/><\/span><\/li><\/ul>\t\t\t\t\t\t\t\t<\/div>\n\t\t\t\t<div class=\"elementor-element elementor-element-7792a44 elementor-widget elementor-widget-heading\" data-id=\"7792a44\" data-element_type=\"widget\" data-widget_type=\"heading.default\">\n\t\t\t\t\t<h2 class=\"elementor-heading-title elementor-size-default\">2. License Usage<\/h2>\t\t\t\t<\/div>\n\t\t\t\t<div class=\"elementor-element elementor-element-c810d88 elementor-widget elementor-widget-text-editor\" data-id=\"c810d88\" data-element_type=\"widget\" data-widget_type=\"text-editor.default\">\n\t\t\t\t\t\t\t\t\t<p>Permission is granted to temporarily download one copy of the materials (information or software) on the Niwa Sushi website for personal, non-commercial transitory viewing only. This is the grant of a license, not a transfer of title, and under this license you may not: modify or copy the materials; use the materials for any commercial purpose, or for any public display (commercial or non-commercial); attempt to decompile or reverse engineer any software contained on the Niwa Sushi website; remove any copyright or other proprietary notations from the materials; or transfer the materials to another person or \"mirror\" the materials on any other server. This license shall automatically terminate if you violate any of these restrictions and may be terminated by Niwa Sushi at any time. Upon terminating your viewing of these materials or upon the termination of this license, you must destroy all downloaded materials in your possession whether in electronic or printed format.<\/p>\t\t\t\t\t\t\t\t<\/div>\n\t\t\t\t<div class=\"elementor-element elementor-element-5fb6f46 elementor-widget elementor-widget-heading\" data-id=\"5fb6f46\" data-element_type=\"widget\" data-widget_type=\"heading.default\">\n\t\t\t\t\t<h2 class=\"elementor-heading-title elementor-size-default\">3. Disclaimer<\/h2>\t\t\t\t<\/div>\n\t\t\t\t<div class=\"elementor-element elementor-element-43a4985 elementor-widget elementor-widget-text-editor\" data-id=\"43a4985\" data-element_type=\"widget\" data-widget_type=\"text-editor.default\">\n\t\t\t\t\t\t\t\t\t<p>The materials on the Niwa Sushi website are provided \u2018as is\u2019. Niwa Sushi makes no warranties, expressed or implied, and hereby disclaims and negates all other warranties, including, without limitation, implied warranties or conditions of merchantability, fitness for a particular purpose, or non-infringement of intellectual property or other violation of rights. Furthermore, Niwa Sushi does not warrant or make any representations concerning the accuracy, likely results, or reliability of the use of the materials on its website or otherwise relating to such materials or on any sites linked to this site.<\/p>\t\t\t\t\t\t\t\t<\/div>\n\t\t\t\t<div class=\"elementor-element elementor-element-b2953b0 elementor-widget elementor-widget-heading\" data-id=\"b2953b0\" data-element_type=\"widget\" data-widget_type=\"heading.default\">\n\t\t\t\t\t<h2 class=\"elementor-heading-title elementor-size-default\">4. Limitations<\/h2>\t\t\t\t<\/div>\n\t\t\t\t<div class=\"elementor-element elementor-element-4671d81 elementor-widget elementor-widget-text-editor\" data-id=\"4671d81\" data-element_type=\"widget\" data-widget_type=\"text-editor.default\">\n\t\t\t\t\t\t\t\t\t<p>In no event shall Niwa Sushi or its suppliers be liable for any damages (including, without limitation, damages for loss of data or profit, or due to business interruption) arising out of the use or inability to use the materials on Niwa Sushi's website, even if Niwa Sushi or an authorized representative of Niwa Sushi has been notified orally or in writing of the possibility of such damages. Because some jurisdictions do not allow limitations on implied warranties, or limitations of liability for consequential or incidental damages, these limitations may not apply to you.<\/p>\t\t\t\t\t\t\t\t<\/div>\n\t\t\t\t<div class=\"elementor-element elementor-element-1d2ef3e elementor-widget elementor-widget-heading\" data-id=\"1d2ef3e\" data-element_type=\"widget\" data-widget_type=\"heading.default\">\n\t\t\t\t\t<h2 class=\"elementor-heading-title elementor-size-default\">5. Precision of materials<\/h2>\t\t\t\t<\/div>\n\t\t\t\t<div class=\"elementor-element elementor-element-ae9fee4 elementor-widget elementor-widget-text-editor\" data-id=\"ae9fee4\" data-element_type=\"widget\" data-widget_type=\"text-editor.default\">\n\t\t\t\t\t\t\t\t\t<p>The materials displayed on the Niwa Sushi website may include technical, typographical, or photographic errors. Niwa Sushi does not warrant that any of the materials on its website are accurate, complete, or current. Niwa Sushi may make changes to the materials contained on its website at any time without notice. However, Niwa Sushi does not commit to updating the materials. Niwa Sushi has not reviewed all of the sites linked to its website and is not responsible for the contents of any such linked site. The inclusion of any link does not imply endorsement by Niwa Sushi of the site. Use of any such linked website is at the user's own risk. Modifications Niwa Sushi may revise these terms of service for its website at any time without notice. By using this website, you agree to be bound by the then current version of these terms of service. These terms and conditions are governed by and construed in accordance with the laws of Niwa Sushi, and you irrevocably submit to the exclusive jurisdiction of the courts in that state or location.<\/p>\t\t\t\t\t\t\t\t<\/div>\n\t\t\t\t<div class=\"elementor-element elementor-element-1b6e0e1 elementor-widget elementor-widget-heading\" data-id=\"1b6e0e1\" data-element_type=\"widget\" data-widget_type=\"heading.default\">\n\t\t\t\t\t<h2 class=\"elementor-heading-title elementor-size-default\">6. Applicable law<\/h2>\t\t\t\t<\/div>\n\t\t\t\t<div class=\"elementor-element elementor-element-bf631f2 elementor-widget elementor-widget-text-editor\" data-id=\"bf631f2\" data-element_type=\"widget\" data-widget_type=\"text-editor.default\">\n\t\t\t\t\t\t\t\t\t<p>These terms and conditions are governed by and construed in accordance with the laws of Niwa Sushi, and you irrevocably submit to the exclusive jurisdiction of the courts in that state or locality.<\/p>\t\t\t\t\t\t\t\t<\/div>\n\t\t\t\t\t<\/div>\n\t\t\t\t<\/div>\n\t\t\t\t<\/div>","protected":false},"excerpt":{"rendered":"<p>1. Termos de Servi\u00e7o Ao acessar ao site Niwa Sushi, concorda em cumprir estes termos de servi\u00e7o, todas as leis e regulamentos aplic\u00e1veis e concorda que \u00e9 respons\u00e1vel pelo cumprimento de todas as leis locais aplic\u00e1veis. Se voc\u00ea n\u00e3o concordar com algum desses termos, est\u00e1 proibido de usar ou acessar este site. Os materiais contidos [&hellip;]<\/p>","protected":false},"author":2,"featured_media":0,"parent":0,"menu_order":0,"comment_status":"closed","ping_status":"closed","template":"","meta":{"_acf_changed":false,"footnotes":""},"class_list":["post-871","page","type-page","status-publish","hentry"],"acf":[],"aioseo_notices":[],"_links":{"self":[{"href":"https:\/\/www.niwasushi.pt\/en\/wp-json\/wp\/v2\/pages\/871","targetHints":{"allow":["GET"]}}],"collection":[{"href":"https:\/\/www.niwasushi.pt\/en\/wp-json\/wp\/v2\/pages"}],"about":[{"href":"https:\/\/www.niwasushi.pt\/en\/wp-json\/wp\/v2\/types\/page"}],"author":[{"embeddable":true,"href":"https:\/\/www.niwasushi.pt\/en\/wp-json\/wp\/v2\/users\/2"}],"replies":[{"embeddable":true,"href":"https:\/\/www.niwasushi.pt\/en\/wp-json\/wp\/v2\/comments?post=871"}],"version-history":[{"count":31,"href":"https:\/\/www.niwasushi.pt\/en\/wp-json\/wp\/v2\/pages\/871\/revisions"}],"predecessor-version":[{"id":1663,"href":"https:\/\/www.niwasushi.pt\/en\/wp-json\/wp\/v2\/pages\/871\/revisions\/1663"}],"wp:attachment":[{"href":"https:\/\/www.niwasushi.pt\/en\/wp-json\/wp\/v2\/media?parent=871"}],"curies":[{"name":"wp","href":"https:\/\/api.w.org\/{rel}","templated":true}]}}