{"id":3,"date":"2025-09-24T14:41:52","date_gmt":"2025-09-24T14:41:52","guid":{"rendered":"https:\/\/www.niwasushi.pt\/?page_id=3"},"modified":"2026-01-28T14:22:51","modified_gmt":"2026-01-28T14:22:51","slug":"politica-de-privacidade","status":"publish","type":"page","link":"https:\/\/www.niwasushi.pt\/en\/politica-de-privacidade\/","title":{"rendered":"Privacy Policy"},"content":{"rendered":"<div data-elementor-type=\"wp-page\" data-elementor-id=\"3\" class=\"elementor elementor-3\" data-elementor-post-type=\"page\">\n\t\t\t\t<div class=\"elementor-element elementor-element-768e59be e-flex e-con-boxed e-con e-parent\" data-id=\"768e59be\" data-element_type=\"container\" data-settings=\"{&quot;background_background&quot;:&quot;classic&quot;}\">\n\t\t\t\t\t<div class=\"e-con-inner\">\n\t\t\t\t<div class=\"elementor-element elementor-element-205e684b elementor-widget elementor-widget-heading\" data-id=\"205e684b\" data-element_type=\"widget\" data-widget_type=\"heading.default\">\n\t\t\t\t\t<h1 class=\"elementor-heading-title elementor-size-default\">1. Pol\u00edtica Privacidade<\/h1>\t\t\t\t<\/div>\n\t\t\t\t<div class=\"elementor-element elementor-element-4f1ab2d9 elementor-widget elementor-widget-text-editor\" data-id=\"4f1ab2d9\" data-element_type=\"widget\" data-widget_type=\"text-editor.default\">\n\t\t\t\t\t\t\t\t\t<p>By accessing the Niwa Sushi website, you agree to comply with these terms of service, all applicable laws and regulations, and agree that you are responsible for compliance with all applicable local laws. If you do not agree with any of these terms, you are prohibited from using or accessing this site. The materials contained on this website are protected by applicable copyright and trademark laws.<\/p>\n<ul>\n<li style=\"font-weight: 400;\" aria-level=\"1\"><span style=\"font-weight: 400;\">Legal name: Temperos Quotidianos, Lda<\/span><\/li>\n<li style=\"font-weight: 400;\" aria-level=\"1\"><span style=\"font-weight: 400;\">Commercial name: Niwa Sushi<\/span><\/li>\n<li style=\"font-weight: 400;\" aria-level=\"1\"><span style=\"font-weight: 400;\">Address: Rua Helena Vieira da Silva, 98 \u2013 4450-590 Le\u00e7a da Palmeira<\/span><\/li>\n<li style=\"font-weight: 400;\" aria-level=\"1\"><span style=\"font-weight: 400;\">Tax ID: 514781254<\/span><\/li>\n<li aria-level=\"1\">+351 <span style=\"font-weight: 400;\">913 934 002<\/span><\/li>\n<li aria-level=\"1\"><span style=\"font-weight: 400;\">niwasushileca@gmail.com<\/span><span style=\"font-weight: 400;\"><br \/><\/span><\/li>\n<\/ul>\n<p>\u00a0<\/p>\n<p>Your privacy is important to us. It is Niwa Sushi's policy to respect your privacy regarding any information we may collect from you on the website. <a href=\"https:\/\/www.niwasushi.pt\/en\/\">Niwa Sushi<\/a>, and other websites that we own and operate.<\/p>\n<p><!-- \/wp:paragraph --><!-- wp:paragraph --><\/p>\n<p>We only request personal information when we truly need it to provide you with a service. We do so fairly and lawfully, with your knowledge and consent. We also inform you why we are collecting it and how it will be used.<\/p>\n<p><!-- \/wp:paragraph --><!-- wp:paragraph --><\/p>\n<p>We only retain collected information for as long as necessary to provide the requested service. When we store data, we protect it within commercially acceptable means to prevent loss and theft, as well as unauthorized access, disclosure, copying, use, or modification.<\/p>\n<p><!-- \/wp:paragraph --><!-- wp:paragraph --><\/p>\n<p>We do not share personally identifiable information publicly or with third parties, except when required by law.<\/p>\n<p><!-- \/wp:paragraph --><!-- wp:paragraph --><\/p>\n<p>Our website may contain links to external sites that are not operated by us. Please be aware that we have no control over the content and practices of these sites and cannot accept responsibility for their respective privacy policies.<\/p>\n<p><!-- \/wp:paragraph --><!-- wp:paragraph --><\/p>\n<p>You are free to refuse our request for personal information, understanding that we may not be able to provide some of the services you desire.<\/p>\n<p><!-- \/wp:paragraph --><!-- wp:paragraph --><\/p>\n<p>Continued use of our website will be considered acceptance of our practices regarding privacy and personal information. If you have any questions about how we handle user data and personal information, please contact us.<\/p>\n<p><!-- \/wp:paragraph --><!-- wp:list --><\/p>\n<ul class=\"wp-block-list\"><!-- wp:list-item -->\n<li>The Google AdSense service we use to serve advertising uses a DoubleClick cookie to deliver more relevant ads across the web and limit the number of times a given ad is shown to you.<\/li>\n<!-- \/wp:list-item --><!-- wp:list-item -->\n<li>For more information about Google AdSense, please consult the official Google AdSense privacy FAQs.<\/li>\n<!-- \/wp:list-item --><!-- wp:list-item -->\n<li>We use advertising to offset the costs of running this site and to provide funding for future development. The behavioral advertising cookies used by this site are designed to ensure that you are provided with the most relevant ads whenever possible by anonymously tracking your interests and presenting similar things that may be of interest to you.<\/li>\n<!-- \/wp:list-item --><!-- wp:list-item -->\n<li>Several partners advertise on our behalf, and affiliate tracking cookies simply allow us to see if our customers accessed the site through one of our partner sites, so we can credit them appropriately and, where applicable, allow our affiliate partners to offer any promotions they may provide to encourage you to make a purchase.<\/li>\n<\/ul>\t\t\t\t\t\t\t\t<\/div>\n\t\t\t\t<div class=\"elementor-element elementor-element-6561b8ae elementor-widget elementor-widget-heading\" data-id=\"6561b8ae\" data-element_type=\"widget\" data-widget_type=\"heading.default\">\n\t\t\t\t\t<h2 class=\"elementor-heading-title elementor-size-default\">2. User Commitment<\/h2>\t\t\t\t<\/div>\n\t\t\t\t<div class=\"elementor-element elementor-element-3391fb7a elementor-widget elementor-widget-text-editor\" data-id=\"3391fb7a\" data-element_type=\"widget\" data-widget_type=\"text-editor.default\">\n\t\t\t\t\t\t\t\t\t<p>The user agrees to make appropriate use of the content and information that Niwa Sushi offers on the website, including but not limited to:<\/p>\n<p><!-- \/wp:paragraph --><!-- wp:list --><\/p>\n<ul class=\"wp-block-list\"><!-- wp:list-item -->\n<li>A) Not to engage in activities that are illegal or contrary to good faith and public order;<\/li>\n<!-- \/wp:list-item --><!-- wp:list-item -->\n<li>B) Not to disseminate propaganda or content of a racist, xenophobic nature, related to gambling or games of chance, any type of illegal pornography, or that promotes terrorism or violates human rights;<\/li>\n<!-- \/wp:list-item --><!-- wp:list-item -->\n<li>C) Not to cause damage to the physical (hardware) and logical (software) systems of Niwa Sushi, its suppliers or third parties, by introducing or disseminating computer viruses or any other hardware or software systems capable of causing the aforementioned damage.<\/li>\n<\/ul>\t\t\t\t\t\t\t\t<\/div>\n\t\t\t\t<div class=\"elementor-element elementor-element-6eb7a69c elementor-widget elementor-widget-heading\" data-id=\"6eb7a69c\" data-element_type=\"widget\" data-widget_type=\"heading.default\">\n\t\t\t\t\t<h2 class=\"elementor-heading-title elementor-size-default\">3. More information<\/h2>\t\t\t\t<\/div>\n\t\t\t\t<div class=\"elementor-element elementor-element-5f4db32f elementor-widget elementor-widget-text-editor\" data-id=\"5f4db32f\" data-element_type=\"widget\" data-widget_type=\"text-editor.default\">\n\t\t\t\t\t\t\t\t\t<p>We hope this is clear and, as mentioned before, if there's anything you're unsure about whether you need or not, it's generally safer to leave cookies enabled in case you interact with one of the features you use on our website.<\/p>\t\t\t\t\t\t\t\t<\/div>\n\t\t\t\t\t<\/div>\n\t\t\t\t<\/div>\n\t\t\t\t<\/div>","protected":false},"excerpt":{"rendered":"<p>1. Pol\u00edtica Privacidade Ao acessar ao site Niwa Sushi, concorda em cumprir estes termos de servi\u00e7o, todas as leis e regulamentos aplic\u00e1veis e concorda que \u00e9 respons\u00e1vel pelo cumprimento de todas as leis locais aplic\u00e1veis. Se voc\u00ea n\u00e3o concordar com algum desses termos, est\u00e1 proibido de usar ou acessar este site. Os materiais contidos neste [&hellip;]<\/p>","protected":false},"author":1,"featured_media":0,"parent":0,"menu_order":0,"comment_status":"closed","ping_status":"closed","template":"","meta":{"_acf_changed":false,"footnotes":""},"class_list":["post-3","page","type-page","status-publish","hentry"],"acf":[],"aioseo_notices":[],"_links":{"self":[{"href":"https:\/\/www.niwasushi.pt\/en\/wp-json\/wp\/v2\/pages\/3","targetHints":{"allow":["GET"]}}],"collection":[{"href":"https:\/\/www.niwasushi.pt\/en\/wp-json\/wp\/v2\/pages"}],"about":[{"href":"https:\/\/www.niwasushi.pt\/en\/wp-json\/wp\/v2\/types\/page"}],"author":[{"embeddable":true,"href":"https:\/\/www.niwasushi.pt\/en\/wp-json\/wp\/v2\/users\/1"}],"replies":[{"embeddable":true,"href":"https:\/\/www.niwasushi.pt\/en\/wp-json\/wp\/v2\/comments?post=3"}],"version-history":[{"count":13,"href":"https:\/\/www.niwasushi.pt\/en\/wp-json\/wp\/v2\/pages\/3\/revisions"}],"predecessor-version":[{"id":1688,"href":"https:\/\/www.niwasushi.pt\/en\/wp-json\/wp\/v2\/pages\/3\/revisions\/1688"}],"wp:attachment":[{"href":"https:\/\/www.niwasushi.pt\/en\/wp-json\/wp\/v2\/media?parent=3"}],"curies":[{"name":"wp","href":"https:\/\/api.w.org\/{rel}","templated":true}]}}